
{"id":13,"date":"2025-03-12T19:13:15","date_gmt":"2025-03-12T19:13:15","guid":{"rendered":"https:\/\/www.entrezingenieros.com\/?page_id=13"},"modified":"2025-06-24T08:34:24","modified_gmt":"2025-06-24T13:34:24","slug":"nuestros-servicios","status":"publish","type":"page","link":"https:\/\/www.entrezingenieros.com\/en\/nuestros-servicios\/","title":{"rendered":"Our services"},"content":{"rendered":"","protected":false},"excerpt":{"rendered":"","protected":false},"author":1,"featured_media":0,"parent":0,"menu_order":0,"comment_status":"closed","ping_status":"closed","template":"templates\/template-servicios.php","meta":{"footnotes":""},"class_list":["post-13","page","type-page","status-publish","hentry"],"acf":[],"yoast_head":"<!-- This site is optimized with the Yoast SEO plugin v25.3.1 - https:\/\/yoast.com\/wordpress\/plugins\/seo\/ -->\n<title>Nuestros servicios - Entrez Ingenieros Civiles<\/title>\n<meta name=\"description\" content=\"Somos una empresa con 3 pilares fundamentales: la relaci\u00f3n con nuestros clientes, el trato de nuestros empleados.\" \/>\n<meta name=\"robots\" content=\"index, follow, max-snippet:-1, max-image-preview:large, max-video-preview:-1\" \/>\n<link rel=\"canonical\" href=\"https:\/\/www.entrezingenieros.com\/en\/nuestros-servicios\/\" \/>\n<meta property=\"og:locale\" content=\"en_US\" \/>\n<meta property=\"og:type\" content=\"article\" \/>\n<meta property=\"og:title\" content=\"Nuestros servicios - Entrez Ingenieros Civiles\" \/>\n<meta property=\"og:description\" content=\"Somos una empresa con 3 pilares fundamentales: la relaci\u00f3n con nuestros clientes, el trato de nuestros empleados.\" \/>\n<meta property=\"og:url\" content=\"https:\/\/www.entrezingenieros.com\/en\/nuestros-servicios\/\" \/>\n<meta property=\"og:site_name\" content=\"Entrez Ingenieros Civiles\" \/>\n<meta property=\"article:modified_time\" content=\"2025-06-24T13:34:24+00:00\" \/>\n<meta name=\"twitter:card\" content=\"summary_large_image\" \/>\n<script type=\"application\/ld+json\" class=\"yoast-schema-graph\">{\"@context\":\"https:\/\/schema.org\",\"@graph\":[{\"@type\":\"WebPage\",\"@id\":\"https:\/\/www.entrezingenieros.com\/nuestros-servicios\/\",\"url\":\"https:\/\/www.entrezingenieros.com\/nuestros-servicios\/\",\"name\":\"Nuestros servicios - Entrez Ingenieros Civiles\",\"isPartOf\":{\"@id\":\"https:\/\/www.entrezingenieros.com\/#website\"},\"datePublished\":\"2025-03-12T19:13:15+00:00\",\"dateModified\":\"2025-06-24T13:34:24+00:00\",\"description\":\"Somos una empresa con 3 pilares fundamentales: la relaci\u00f3n con nuestros clientes, el trato de nuestros empleados.\",\"breadcrumb\":{\"@id\":\"https:\/\/www.entrezingenieros.com\/nuestros-servicios\/#breadcrumb\"},\"inLanguage\":\"en-US\",\"potentialAction\":[{\"@type\":\"ReadAction\",\"target\":[\"https:\/\/www.entrezingenieros.com\/nuestros-servicios\/\"]}]},{\"@type\":\"BreadcrumbList\",\"@id\":\"https:\/\/www.entrezingenieros.com\/nuestros-servicios\/#breadcrumb\",\"itemListElement\":[{\"@type\":\"ListItem\",\"position\":1,\"name\":\"Portada\",\"item\":\"https:\/\/www.entrezingenieros.com\/\"},{\"@type\":\"ListItem\",\"position\":2,\"name\":\"Nuestros servicios\"}]},{\"@type\":\"WebSite\",\"@id\":\"https:\/\/www.entrezingenieros.com\/#website\",\"url\":\"https:\/\/www.entrezingenieros.com\/\",\"name\":\"Entrez Ingenieros Civiles\",\"description\":\"Transformamos la ingenier\u00eda con digitalizaci\u00f3n, tecnolog\u00eda e innovaci\u00f3n\",\"publisher\":{\"@id\":\"https:\/\/www.entrezingenieros.com\/#organization\"},\"potentialAction\":[{\"@type\":\"SearchAction\",\"target\":{\"@type\":\"EntryPoint\",\"urlTemplate\":\"https:\/\/www.entrezingenieros.com\/?s={search_term_string}\"},\"query-input\":{\"@type\":\"PropertyValueSpecification\",\"valueRequired\":true,\"valueName\":\"search_term_string\"}}],\"inLanguage\":\"en-US\"},{\"@type\":\"Organization\",\"@id\":\"https:\/\/www.entrezingenieros.com\/#organization\",\"name\":\"Entrez Ingenieros Civiles\",\"url\":\"https:\/\/www.entrezingenieros.com\/\",\"logo\":{\"@type\":\"ImageObject\",\"inLanguage\":\"en-US\",\"@id\":\"https:\/\/www.entrezingenieros.com\/#\/schema\/logo\/image\/\",\"url\":\"https:\/\/www.entrezingenieros.com\/wp-content\/uploads\/2025\/06\/entrez-ingenieros-logo-h1.svg\",\"contentUrl\":\"https:\/\/www.entrezingenieros.com\/wp-content\/uploads\/2025\/06\/entrez-ingenieros-logo-h1.svg\",\"caption\":\"Entrez Ingenieros Civiles\"},\"image\":{\"@id\":\"https:\/\/www.entrezingenieros.com\/#\/schema\/logo\/image\/\"}}]}<\/script>\n<!-- \/ Yoast SEO plugin. -->","yoast_head_json":{"title":"Nuestros servicios - Entrez Ingenieros Civiles","description":"Somos una empresa con 3 pilares fundamentales: la relaci\u00f3n con nuestros clientes, el trato de nuestros empleados.","robots":{"index":"index","follow":"follow","max-snippet":"max-snippet:-1","max-image-preview":"max-image-preview:large","max-video-preview":"max-video-preview:-1"},"canonical":"https:\/\/www.entrezingenieros.com\/en\/nuestros-servicios\/","og_locale":"en_US","og_type":"article","og_title":"Nuestros servicios - Entrez Ingenieros Civiles","og_description":"Somos una empresa con 3 pilares fundamentales: la relaci\u00f3n con nuestros clientes, el trato de nuestros empleados.","og_url":"https:\/\/www.entrezingenieros.com\/en\/nuestros-servicios\/","og_site_name":"Entrez Ingenieros Civiles","article_modified_time":"2025-06-24T13:34:24+00:00","twitter_card":"summary_large_image","schema":{"@context":"https:\/\/schema.org","@graph":[{"@type":"WebPage","@id":"https:\/\/www.entrezingenieros.com\/nuestros-servicios\/","url":"https:\/\/www.entrezingenieros.com\/nuestros-servicios\/","name":"Nuestros servicios - Entrez Ingenieros Civiles","isPartOf":{"@id":"https:\/\/www.entrezingenieros.com\/#website"},"datePublished":"2025-03-12T19:13:15+00:00","dateModified":"2025-06-24T13:34:24+00:00","description":"Somos una empresa con 3 pilares fundamentales: la relaci\u00f3n con nuestros clientes, el trato de nuestros empleados.","breadcrumb":{"@id":"https:\/\/www.entrezingenieros.com\/nuestros-servicios\/#breadcrumb"},"inLanguage":"en-US","potentialAction":[{"@type":"ReadAction","target":["https:\/\/www.entrezingenieros.com\/nuestros-servicios\/"]}]},{"@type":"BreadcrumbList","@id":"https:\/\/www.entrezingenieros.com\/nuestros-servicios\/#breadcrumb","itemListElement":[{"@type":"ListItem","position":1,"name":"Portada","item":"https:\/\/www.entrezingenieros.com\/"},{"@type":"ListItem","position":2,"name":"Nuestros servicios"}]},{"@type":"WebSite","@id":"https:\/\/www.entrezingenieros.com\/#website","url":"https:\/\/www.entrezingenieros.com\/","name":"Entrez Ingenieros Civiles","description":"Transformamos la ingenier\u00eda con digitalizaci\u00f3n, tecnolog\u00eda e innovaci\u00f3n","publisher":{"@id":"https:\/\/www.entrezingenieros.com\/#organization"},"potentialAction":[{"@type":"SearchAction","target":{"@type":"EntryPoint","urlTemplate":"https:\/\/www.entrezingenieros.com\/?s={search_term_string}"},"query-input":{"@type":"PropertyValueSpecification","valueRequired":true,"valueName":"search_term_string"}}],"inLanguage":"en-US"},{"@type":"Organization","@id":"https:\/\/www.entrezingenieros.com\/#organization","name":"Entrez Ingenieros Civiles","url":"https:\/\/www.entrezingenieros.com\/","logo":{"@type":"ImageObject","inLanguage":"en-US","@id":"https:\/\/www.entrezingenieros.com\/#\/schema\/logo\/image\/","url":"https:\/\/www.entrezingenieros.com\/wp-content\/uploads\/2025\/06\/entrez-ingenieros-logo-h1.svg","contentUrl":"https:\/\/www.entrezingenieros.com\/wp-content\/uploads\/2025\/06\/entrez-ingenieros-logo-h1.svg","caption":"Entrez Ingenieros Civiles"},"image":{"@id":"https:\/\/www.entrezingenieros.com\/#\/schema\/logo\/image\/"}}]}},"_links":{"self":[{"href":"https:\/\/www.entrezingenieros.com\/en\/wp-json\/wp\/v2\/pages\/13","targetHints":{"allow":["GET"]}}],"collection":[{"href":"https:\/\/www.entrezingenieros.com\/en\/wp-json\/wp\/v2\/pages"}],"about":[{"href":"https:\/\/www.entrezingenieros.com\/en\/wp-json\/wp\/v2\/types\/page"}],"author":[{"embeddable":true,"href":"https:\/\/www.entrezingenieros.com\/en\/wp-json\/wp\/v2\/users\/1"}],"replies":[{"embeddable":true,"href":"https:\/\/www.entrezingenieros.com\/en\/wp-json\/wp\/v2\/comments?post=13"}],"version-history":[{"count":1,"href":"https:\/\/www.entrezingenieros.com\/en\/wp-json\/wp\/v2\/pages\/13\/revisions"}],"predecessor-version":[{"id":842,"href":"https:\/\/www.entrezingenieros.com\/en\/wp-json\/wp\/v2\/pages\/13\/revisions\/842"}],"wp:attachment":[{"href":"https:\/\/www.entrezingenieros.com\/en\/wp-json\/wp\/v2\/media?parent=13"}],"curies":[{"name":"wp","href":"https:\/\/api.w.org\/{rel}","templated":true}]}}