
{"id":11,"date":"2025-03-12T13:19:22","date_gmt":"2025-03-12T13:19:22","guid":{"rendered":"https:\/\/www.entrezingenieros.com\/?page_id=11"},"modified":"2025-10-17T01:40:59","modified_gmt":"2025-10-17T06:40:59","slug":"nosotros","status":"publish","type":"page","link":"https:\/\/www.entrezingenieros.com\/en\/nosotros\/","title":{"rendered":"About us"},"content":{"rendered":"","protected":false},"excerpt":{"rendered":"","protected":false},"author":1,"featured_media":0,"parent":0,"menu_order":0,"comment_status":"closed","ping_status":"closed","template":"templates\/template-nosotros.php","meta":{"footnotes":""},"class_list":["post-11","page","type-page","status-publish","hentry"],"acf":[],"yoast_head":"<!-- This site is optimized with the Yoast SEO plugin v25.3.1 - https:\/\/yoast.com\/wordpress\/plugins\/seo\/ -->\n<title>Nosotros - Entrez Ingenieros Civiles<\/title>\n<meta name=\"description\" content=\"Nos enfocamos en inculcar los valores de la empresa, contando con personas profesionales, responsables, que puedan nutrir su vida laboral.\" \/>\n<meta name=\"robots\" content=\"index, follow, max-snippet:-1, max-image-preview:large, max-video-preview:-1\" \/>\n<link rel=\"canonical\" href=\"https:\/\/www.entrezingenieros.com\/en\/nosotros\/\" \/>\n<meta property=\"og:locale\" content=\"en_US\" \/>\n<meta property=\"og:type\" content=\"article\" \/>\n<meta property=\"og:title\" content=\"Nosotros - Entrez Ingenieros Civiles\" \/>\n<meta property=\"og:description\" content=\"Nos enfocamos en inculcar los valores de la empresa, contando con personas profesionales, responsables, que puedan nutrir su vida laboral.\" \/>\n<meta property=\"og:url\" content=\"https:\/\/www.entrezingenieros.com\/en\/nosotros\/\" \/>\n<meta property=\"og:site_name\" content=\"Entrez Ingenieros Civiles\" \/>\n<meta property=\"article:modified_time\" content=\"2025-10-17T06:40:59+00:00\" \/>\n<meta name=\"twitter:card\" content=\"summary_large_image\" \/>\n<script type=\"application\/ld+json\" class=\"yoast-schema-graph\">{\"@context\":\"https:\/\/schema.org\",\"@graph\":[{\"@type\":\"WebPage\",\"@id\":\"https:\/\/www.entrezingenieros.com\/nosotros\/\",\"url\":\"https:\/\/www.entrezingenieros.com\/nosotros\/\",\"name\":\"Nosotros - Entrez Ingenieros Civiles\",\"isPartOf\":{\"@id\":\"https:\/\/www.entrezingenieros.com\/#website\"},\"datePublished\":\"2025-03-12T13:19:22+00:00\",\"dateModified\":\"2025-10-17T06:40:59+00:00\",\"description\":\"Nos enfocamos en inculcar los valores de la empresa, contando con personas profesionales, responsables, que puedan nutrir su vida laboral.\",\"breadcrumb\":{\"@id\":\"https:\/\/www.entrezingenieros.com\/nosotros\/#breadcrumb\"},\"inLanguage\":\"en-US\",\"potentialAction\":[{\"@type\":\"ReadAction\",\"target\":[\"https:\/\/www.entrezingenieros.com\/nosotros\/\"]}]},{\"@type\":\"BreadcrumbList\",\"@id\":\"https:\/\/www.entrezingenieros.com\/nosotros\/#breadcrumb\",\"itemListElement\":[{\"@type\":\"ListItem\",\"position\":1,\"name\":\"Portada\",\"item\":\"https:\/\/www.entrezingenieros.com\/\"},{\"@type\":\"ListItem\",\"position\":2,\"name\":\"Nosotros\"}]},{\"@type\":\"WebSite\",\"@id\":\"https:\/\/www.entrezingenieros.com\/#website\",\"url\":\"https:\/\/www.entrezingenieros.com\/\",\"name\":\"Entrez Ingenieros Civiles\",\"description\":\"Transformamos la ingenier\u00eda con digitalizaci\u00f3n, tecnolog\u00eda e innovaci\u00f3n\",\"publisher\":{\"@id\":\"https:\/\/www.entrezingenieros.com\/#organization\"},\"potentialAction\":[{\"@type\":\"SearchAction\",\"target\":{\"@type\":\"EntryPoint\",\"urlTemplate\":\"https:\/\/www.entrezingenieros.com\/?s={search_term_string}\"},\"query-input\":{\"@type\":\"PropertyValueSpecification\",\"valueRequired\":true,\"valueName\":\"search_term_string\"}}],\"inLanguage\":\"en-US\"},{\"@type\":\"Organization\",\"@id\":\"https:\/\/www.entrezingenieros.com\/#organization\",\"name\":\"Entrez Ingenieros Civiles\",\"url\":\"https:\/\/www.entrezingenieros.com\/\",\"logo\":{\"@type\":\"ImageObject\",\"inLanguage\":\"en-US\",\"@id\":\"https:\/\/www.entrezingenieros.com\/#\/schema\/logo\/image\/\",\"url\":\"https:\/\/www.entrezingenieros.com\/wp-content\/uploads\/2025\/06\/entrez-ingenieros-logo-h1.svg\",\"contentUrl\":\"https:\/\/www.entrezingenieros.com\/wp-content\/uploads\/2025\/06\/entrez-ingenieros-logo-h1.svg\",\"caption\":\"Entrez Ingenieros Civiles\"},\"image\":{\"@id\":\"https:\/\/www.entrezingenieros.com\/#\/schema\/logo\/image\/\"}}]}<\/script>\n<!-- \/ Yoast SEO plugin. -->","yoast_head_json":{"title":"Nosotros - Entrez Ingenieros Civiles","description":"Nos enfocamos en inculcar los valores de la empresa, contando con personas profesionales, responsables, que puedan nutrir su vida laboral.","robots":{"index":"index","follow":"follow","max-snippet":"max-snippet:-1","max-image-preview":"max-image-preview:large","max-video-preview":"max-video-preview:-1"},"canonical":"https:\/\/www.entrezingenieros.com\/en\/nosotros\/","og_locale":"en_US","og_type":"article","og_title":"Nosotros - Entrez Ingenieros Civiles","og_description":"Nos enfocamos en inculcar los valores de la empresa, contando con personas profesionales, responsables, que puedan nutrir su vida laboral.","og_url":"https:\/\/www.entrezingenieros.com\/en\/nosotros\/","og_site_name":"Entrez Ingenieros Civiles","article_modified_time":"2025-10-17T06:40:59+00:00","twitter_card":"summary_large_image","schema":{"@context":"https:\/\/schema.org","@graph":[{"@type":"WebPage","@id":"https:\/\/www.entrezingenieros.com\/nosotros\/","url":"https:\/\/www.entrezingenieros.com\/nosotros\/","name":"Nosotros - Entrez Ingenieros Civiles","isPartOf":{"@id":"https:\/\/www.entrezingenieros.com\/#website"},"datePublished":"2025-03-12T13:19:22+00:00","dateModified":"2025-10-17T06:40:59+00:00","description":"Nos enfocamos en inculcar los valores de la empresa, contando con personas profesionales, responsables, que puedan nutrir su vida laboral.","breadcrumb":{"@id":"https:\/\/www.entrezingenieros.com\/nosotros\/#breadcrumb"},"inLanguage":"en-US","potentialAction":[{"@type":"ReadAction","target":["https:\/\/www.entrezingenieros.com\/nosotros\/"]}]},{"@type":"BreadcrumbList","@id":"https:\/\/www.entrezingenieros.com\/nosotros\/#breadcrumb","itemListElement":[{"@type":"ListItem","position":1,"name":"Portada","item":"https:\/\/www.entrezingenieros.com\/"},{"@type":"ListItem","position":2,"name":"Nosotros"}]},{"@type":"WebSite","@id":"https:\/\/www.entrezingenieros.com\/#website","url":"https:\/\/www.entrezingenieros.com\/","name":"Entrez Ingenieros Civiles","description":"Transformamos la ingenier\u00eda con digitalizaci\u00f3n, tecnolog\u00eda e innovaci\u00f3n","publisher":{"@id":"https:\/\/www.entrezingenieros.com\/#organization"},"potentialAction":[{"@type":"SearchAction","target":{"@type":"EntryPoint","urlTemplate":"https:\/\/www.entrezingenieros.com\/?s={search_term_string}"},"query-input":{"@type":"PropertyValueSpecification","valueRequired":true,"valueName":"search_term_string"}}],"inLanguage":"en-US"},{"@type":"Organization","@id":"https:\/\/www.entrezingenieros.com\/#organization","name":"Entrez Ingenieros Civiles","url":"https:\/\/www.entrezingenieros.com\/","logo":{"@type":"ImageObject","inLanguage":"en-US","@id":"https:\/\/www.entrezingenieros.com\/#\/schema\/logo\/image\/","url":"https:\/\/www.entrezingenieros.com\/wp-content\/uploads\/2025\/06\/entrez-ingenieros-logo-h1.svg","contentUrl":"https:\/\/www.entrezingenieros.com\/wp-content\/uploads\/2025\/06\/entrez-ingenieros-logo-h1.svg","caption":"Entrez Ingenieros Civiles"},"image":{"@id":"https:\/\/www.entrezingenieros.com\/#\/schema\/logo\/image\/"}}]}},"_links":{"self":[{"href":"https:\/\/www.entrezingenieros.com\/en\/wp-json\/wp\/v2\/pages\/11","targetHints":{"allow":["GET"]}}],"collection":[{"href":"https:\/\/www.entrezingenieros.com\/en\/wp-json\/wp\/v2\/pages"}],"about":[{"href":"https:\/\/www.entrezingenieros.com\/en\/wp-json\/wp\/v2\/types\/page"}],"author":[{"embeddable":true,"href":"https:\/\/www.entrezingenieros.com\/en\/wp-json\/wp\/v2\/users\/1"}],"replies":[{"embeddable":true,"href":"https:\/\/www.entrezingenieros.com\/en\/wp-json\/wp\/v2\/comments?post=11"}],"version-history":[{"count":8,"href":"https:\/\/www.entrezingenieros.com\/en\/wp-json\/wp\/v2\/pages\/11\/revisions"}],"predecessor-version":[{"id":872,"href":"https:\/\/www.entrezingenieros.com\/en\/wp-json\/wp\/v2\/pages\/11\/revisions\/872"}],"wp:attachment":[{"href":"https:\/\/www.entrezingenieros.com\/en\/wp-json\/wp\/v2\/media?parent=11"}],"curies":[{"name":"wp","href":"https:\/\/api.w.org\/{rel}","templated":true}]}}